{"id":114,"date":"2025-09-07T10:53:09","date_gmt":"2025-09-07T10:53:09","guid":{"rendered":"https:\/\/auxfleursdelagare.com\/?page_id=114"},"modified":"2025-09-08T11:54:13","modified_gmt":"2025-09-08T11:54:13","slug":"qui-nous-sommes","status":"publish","type":"page","link":"https:\/\/auxfleursdelagare.com\/index.php\/qui-nous-sommes\/","title":{"rendered":"Qui nous sommes ?"},"content":{"rendered":"<div data-colibri-id=\"114-c1\" class=\"style-306 style-local-114-c1 position-relative\">\n  <!---->\n  <div data-colibri-component=\"section\" data-colibri-id=\"114-c2\" id=\"about\" class=\"h-section h-section-global-spacing d-flex align-items-lg-center align-items-md-center align-items-center style-309 style-local-114-c2 position-relative\">\n    <!---->\n    <!---->\n    <div class=\"h-section-grid-container h-section-fluid-container\">\n      <!---->\n      <div data-colibri-id=\"114-c3\" class=\"h-row-container gutters-row-lg-0 gutters-row-md-0 gutters-row-0 gutters-row-v-lg-0 gutters-row-v-md-0 gutters-row-v-0 style-310 style-local-114-c3 position-relative\">\n        <!---->\n        <div class=\"h-row justify-content-lg-center justify-content-md-center justify-content-center align-items-lg-stretch align-items-md-stretch align-items-stretch gutters-col-lg-0 gutters-col-md-0 gutters-col-0 gutters-col-v-lg-0 gutters-col-v-md-0 gutters-col-v-0\">\n          <!---->\n          <div class=\"h-column h-column-container d-flex h-col-lg-auto h-col-md-auto h-col-auto style-311-outer style-local-114-c4-outer\">\n            <div data-colibri-id=\"114-c4\" class=\"d-flex h-flex-basis h-column__inner h-px-lg-0 h-px-md-0 h-px-0 v-inner-lg-0 v-inner-md-0 v-inner-0 style-311 style-local-114-c4 position-relative\">\n              <!---->\n              <!---->\n              <div class=\"w-100 h-y-container h-column__content h-column__v-align flex-basis-100 align-self-lg-start align-self-md-start align-self-start\">\n                <!---->\n                <div data-colibri-id=\"114-c5\" class=\"h-global-transition-all h-heading style-313 style-local-114-c5 position-relative h-element\">\n                  <!---->\n                  <div class=\"h-heading__outer style-313 style-local-114-c5\">\n                    <!---->\n                    <!---->\n                    <h2 class=\"\">Aux Fleurs de la gare<\/h2>\n                  <\/div>\n                <\/div>\n                <div data-colibri-id=\"114-c6\" class=\"h-lead h-text h-text-component style-314 style-local-114-c6 position-relative h-element\">\n                  <!---->\n                  <!---->\n                  <div class=\"\">\n                    <p><span style=\"font-weight: 300; font-size: 20px; font-family: &quot;Open Sans&quot;; color: rgb(37, 41, 42);\">C\u2019est bien plus qu\u2019un fleuriste : c\u2019est une maison de passion florale situ\u00e9e au 96 place Andr\u00e9 Malraux \u00e0 Houilles, \u00e0 deux pas de la gare. Depuis 2000, nous accompagnons vos \u00e9motions avec des bouquets sur mesure, des compositions florales pour toutes les occasions (mariages, anniversaires, deuils\u2026) et des services d\u2019\u00e9lagage et d\u2019entretien paysager..<\/span><\/p>\n                  <\/div>\n                <\/div>\n                <div data-colibri-id=\"114-c7\" class=\"h-global-transition-all h-heading style-316 style-local-114-c7 position-relative h-element\">\n                  <!---->\n                  <div class=\"h-heading__outer style-316 style-local-114-c7\">\n                    <!---->\n                    <!---->\n                    <h2 class=\"\">Notre mission<\/h2>\n                  <\/div>\n                <\/div>\n                <div data-colibri-id=\"114-c8\" class=\"h-lead h-text h-text-component style-317 style-local-114-c8 position-relative h-element\">\n                  <!---->\n                  <!---->\n                  <div class=\"\">\n                    <p>Offrir \u00e0 chacun une exp\u00e9rience florale unique, gr\u00e2ce \u00e0 des fleurs fra\u00eeches, des conseils personnalis\u00e9s et un accueil chaleureux. Nos fleuristes passionn\u00e9s mettent leur savoir-faire au service de vos envies, avec cr\u00e9ativit\u00e9 et sensibilit\u00e9.<\/p>\n                  <\/div>\n                <\/div>\n              <\/div>\n            <\/div>\n          <\/div>\n          <div class=\"h-column h-column-container d-flex h-col-lg-auto h-col-md-auto h-col-auto style-315-outer style-local-114-c9-outer\">\n            <div data-colibri-id=\"114-c9\" class=\"d-flex h-flex-basis h-column__inner h-ui-empty-state-container h-px-lg-2 h-px-md-2 h-px-2 v-inner-lg-2 v-inner-md-2 v-inner-2 style-315 style-local-114-c9 position-relative\">\n              <!---->\n              <!---->\n              <div class=\"w-100 h-y-container h-column__content h-column__v-align flex-basis-100\">\n                <!---->\n              <\/div>\n            <\/div>\n          <\/div>\n        <\/div>\n      <\/div>\n    <\/div>\n  <\/div>\n  <div data-colibri-component=\"section\" data-colibri-id=\"114-c10\" id=\"reusable-sections\" class=\"h-section h-section-global-spacing d-flex align-items-lg-center align-items-md-center align-items-center style-320 style-local-114-c10 position-relative\">\n    <div class=\"background-wrapper\">\n      <div class=\"background-layer background-layer-media-container-lg\">\n        <!---->\n        <div class=\"overlay-layer\">\n          <div class=\"overlay-image-layer\" style=\"background-color: rgb(23, 37, 42); opacity: 0.5;\"><\/div>\n        <\/div>\n      <\/div>\n      <div class=\"background-layer background-layer-media-container-md\">\n        <!---->\n        <div class=\"overlay-layer\">\n          <div class=\"overlay-image-layer\" style=\"background-color: rgb(23, 37, 42); opacity: 0.5;\"><\/div>\n        <\/div>\n      <\/div>\n      <div class=\"background-layer background-layer-media-container\">\n        <!---->\n        <div class=\"overlay-layer\">\n          <div class=\"overlay-image-layer\" style=\"background-color: rgb(23, 37, 42); opacity: 0.5;\"><\/div>\n        <\/div>\n      <\/div>\n    <\/div>\n    <!---->\n    <div class=\"h-section-grid-container h-section-boxed-container\">\n      <!---->\n      <div data-colibri-id=\"114-c11\" class=\"h-row-container gutters-row-lg-2 gutters-row-md-2 gutters-row-2 gutters-row-v-lg-2 gutters-row-v-md-2 gutters-row-v-2 style-321 style-local-114-c11 position-relative\">\n        <!---->\n        <div class=\"h-row justify-content-lg-center justify-content-md-center justify-content-center align-items-lg-stretch align-items-md-stretch align-items-stretch gutters-col-lg-2 gutters-col-md-2 gutters-col-2 gutters-col-v-lg-2 gutters-col-v-md-2 gutters-col-v-2\">\n          <!---->\n          <div class=\"h-column h-column-container d-flex h-col-lg-auto h-col-md-auto h-col-auto style-322-outer style-local-114-c12-outer\">\n            <div data-colibri-id=\"114-c12\" class=\"d-flex h-flex-basis h-column__inner h-px-lg-0 h-px-md-0 h-px-0 v-inner-lg-0 v-inner-md-0 v-inner-0 style-322 style-local-114-c12 position-relative\">\n              <!---->\n              <!---->\n              <div class=\"w-100 h-y-container h-column__content h-column__v-align flex-basis-100 align-self-lg-start align-self-md-start align-self-start\">\n                <!---->\n                <div data-colibri-id=\"114-c13\" class=\"h-row-container gutters-row-lg-0 gutters-row-md-0 gutters-row-0 gutters-row-v-lg-0 gutters-row-v-md-0 gutters-row-v-0 style-323 style-local-114-c13 position-relative\">\n                  <!---->\n                  <div class=\"h-row justify-content-lg-center justify-content-md-center justify-content-center align-items-lg-stretch align-items-md-stretch align-items-stretch gutters-col-lg-0 gutters-col-md-0 gutters-col-0 gutters-col-v-lg-0 gutters-col-v-md-0 gutters-col-v-0\">\n                    <!---->\n                    <div class=\"h-column h-column-container d-flex h-col-lg-auto h-col-md-auto h-col-auto style-324-outer style-local-114-c14-outer\">\n                      <div data-colibri-id=\"114-c14\" class=\"d-flex h-flex-basis h-column__inner h-px-lg-0 h-px-md-0 h-px-0 v-inner-lg-0 v-inner-md-0 v-inner-0 style-324 style-local-114-c14 position-relative\">\n                        <!---->\n                        <!---->\n                        <div class=\"w-100 h-y-container h-column__content h-column__v-align flex-basis-100 align-self-lg-center align-self-md-center align-self-center\">\n                          <!---->\n                          <div data-colibri-id=\"114-c15\" class=\"d-block style-325 style-local-114-c15 position-relative h-element\">\n                            <!---->\n                            <div class=\"h-image__frame-container-outer\">\n                              <div class=\"h-image__frame-container\">\n                                <!---->\n                                <!---->\n                                <img loading=\"lazy\" decoding=\"async\" width=\"629\" height=\"309\" src=\"http:\/\/auxfleursdelagare.com\/wp-content\/uploads\/2025\/09\/auxfleurs.png\" class=\"wp-image-102 style-325-image style-local-114-c15-image\" alt=\"\" srcset=\"https:\/\/auxfleursdelagare.com\/wp-content\/uploads\/2025\/09\/auxfleurs.png 629w, https:\/\/auxfleursdelagare.com\/wp-content\/uploads\/2025\/09\/auxfleurs-300x147.png 300w\" sizes=\"auto, (max-width: 629px) 100vw, 629px\" \/>\n                                <div class=\"h-image__frame h-hide-lg h-hide-md h-hide-sm style-325-frameImage style-local-114-c15-frameImage\"><\/div>\n                              <\/div>\n                            <\/div>\n                          <\/div>\n                          <div data-colibri-id=\"114-c16\" class=\"h-global-transition-all h-heading style-326 style-local-114-c16 position-relative h-element\">\n                            <!---->\n                            <div class=\"h-heading__outer style-326 style-local-114-c16\">\n                              <!---->\n                              <!---->\n                              <h4 class=\"\">AUX FLEURS DE LA GARE<\/h4>\n                            <\/div>\n                          <\/div>\n                          <div data-colibri-id=\"114-c17\" class=\"h-icon style-327 style-local-114-c17 position-relative h-element\">\n                            <!----><span class=\"h-svg-icon h-icon__icon style-327-icon style-local-114-c17-icon\"><!--Icon by Font Awesome (https:\/\/fontawesome.com)-->\n    <svg version=\"1.1\" xmlns=\"http:\/\/www.w3.org\/2000\/svg\" xmlns:xlink=\"http:\/\/www.w3.org\/1999\/xlink\" id=\"home\" viewBox=\"0 0 1664 1896.0833\">\n      <path d=\"M1408 992v480q0 26-19 45t-45 19H960v-384H704v384H320q-26 0-45-19t-19-45V992q0-1 .5-3t.5-3l575-474 575 474q1 2 1 6zm223-69l-62 74q-8 9-21 11h-3q-13 0-21-7L832 424l-692 577q-12 8-24 7-13-2-21-11l-62-74q-8-10-7-23.5T37 878l719-599q32-26 76-26t76 26l244 204V288q0-14 9-23t23-9h192q14 0 23 9t9 23v408l219 182q10 8 11 21.5t-7 23.5z\"><\/path>\n    <\/svg><\/span><\/div>\n                          <div data-colibri-id=\"114-c18\" class=\"h-global-transition-all h-heading style-328 style-local-114-c18 position-relative h-element\">\n                            <!---->\n                            <div class=\"h-heading__outer style-328 style-local-114-c18\">\n                              <!---->\n                              <!---->\n                              <h5 class=\"\">96 PLACE ANDRE MALRAUX 78800 HOUILLES<\/h5>\n                            <\/div>\n                          <\/div>\n                          <div data-colibri-id=\"114-c19\" class=\"h-global-transition-all h-heading style-329 style-local-114-c19 position-relative h-element\">\n                            <!---->\n                            <div class=\"h-heading__outer style-329 style-local-114-c19\">\n                              <!---->\n                              <!---->\n                              <h4 class=\"\">06 47 04 75 44<\/h4>\n                            <\/div>\n                          <\/div>\n                        <\/div>\n                      <\/div>\n                    <\/div>\n                    <div class=\"h-column h-column-container d-flex h-col-lg-auto h-col-md-auto h-col-auto style-330-outer style-local-114-c20-outer\">\n                      <div data-colibri-id=\"114-c20\" class=\"d-flex h-flex-basis h-column__inner h-px-lg-0 h-px-md-0 h-px-0 v-inner-lg-0 v-inner-md-0 v-inner-0 style-330 style-local-114-c20 position-relative\">\n                        <!---->\n                        <!---->\n                        <div class=\"w-100 h-y-container h-column__content h-column__v-align flex-basis-100 align-self-lg-center align-self-md-center align-self-center\">\n                          <!---->\n                          <div data-colibri-id=\"114-c21\" class=\"h-contact-form__outer--forminator style-331 style-local-114-c21 position-relative h-element\">\n                            <!---->\n                            <div class=\"h-global-transition-all h-global-transition h-global-transition-all h-contact-form-shortcode\"><div class=\"forminator-ui forminator-custom-form forminator-custom-form-395 forminator-design--default  forminator_ajax\" data-forminator-render=\"0\" data-form=\"forminator-module-395\" data-uid=\"69e22a90ec59c\"><br\/><\/div><form\n\t\t\t\tid=\"forminator-module-395\"\n\t\t\t\tclass=\"forminator-ui forminator-custom-form forminator-custom-form-395 forminator-design--default  forminator_ajax\"\n\t\t\t\tmethod=\"post\"\n\t\t\t\tdata-forminator-render=\"0\"\n\t\t\t\tdata-form-id=\"395\"\n\t\t\t\t\n\t\t\t\tdata-design=\"default\"\n\t\t\t\tdata-color-option=\"theme\"\n\t\t\t\t\n\t\t\t\t\n\t\t\t\t\n\t\t\t\tdata-grid=\"open\"\n\t\t\t\t\n\t\t\t\t\n\t\t\t\tstyle=\"display: none;\"\n\t\t\t\t\n\t\t\t\tdata-uid=\"69e22a90ec59c\"\n\t\t\t><div role=\"alert\" aria-live=\"polite\" class=\"forminator-response-message forminator-error\" aria-hidden=\"true\"><\/div><div class=\"forminator-row\"><div id=\"name-1\" class=\"forminator-field-name forminator-col forminator-col-12 \"><div class=\"forminator-field\"><label for=\"forminator-field-name-1_69e22a90ec59c\" id=\"forminator-field-name-1_69e22a90ec59c-label\" class=\"forminator-label\">Pr\u00e9nom <span class=\"forminator-required\">*<\/span><\/label><input type=\"text\" name=\"name-1\" value=\"\" placeholder=\"\" id=\"forminator-field-name-1_69e22a90ec59c\" class=\"forminator-input forminator-name--field\" aria-required=\"true\" \/><\/div><\/div><\/div><div class=\"forminator-row\"><div id=\"email-1\" class=\"forminator-field-email forminator-col forminator-col-12 \"><div class=\"forminator-field\"><label for=\"forminator-field-email-1_69e22a90ec59c\" id=\"forminator-field-email-1_69e22a90ec59c-label\" class=\"forminator-label\">Adresse de messagerie <span class=\"forminator-required\">*<\/span><\/label><input type=\"email\" name=\"email-1\" value=\"\" placeholder=\"\" id=\"forminator-field-email-1_69e22a90ec59c\" class=\"forminator-input forminator-email--field\" data-required=\"true\" aria-required=\"true\" \/><\/div><\/div><\/div><div class=\"forminator-row\"><div id=\"phone-1\" class=\"forminator-field-phone forminator-col forminator-col-12 \"><div class=\"forminator-field\"><label for=\"forminator-field-phone-1_69e22a90ec59c\" id=\"forminator-field-phone-1_69e22a90ec59c-label\" class=\"forminator-label\">Num\u00e9ro de t\u00e9l\u00e9phone <span class=\"forminator-required\">*<\/span><\/label><input type=\"text\" name=\"phone-1\" value=\"\" placeholder=\"\" id=\"forminator-field-phone-1_69e22a90ec59c\" class=\"forminator-input forminator-field--phone\" data-required=\"1\" aria-required=\"true\" autocomplete=\"off\" \/><\/div><\/div><\/div><div class=\"forminator-row\"><div id=\"textarea-1\" class=\"forminator-field-textarea forminator-col forminator-col-12 \"><div class=\"forminator-field\"><label for=\"forminator-field-textarea-1_69e22a90ec59c\" id=\"forminator-field-textarea-1_69e22a90ec59c-label\" class=\"forminator-label\">Message<\/label><span id=\"forminator-field-textarea-1_69e22a90ec59c-description\" class=\"forminator-description\"><span data-limit=\"180\" data-type=\"characters\" data-editor=\"\">0 \/ 180<\/span><\/span><textarea name=\"textarea-1\" placeholder=\"\" id=\"forminator-field-textarea-1_69e22a90ec59c\" class=\"forminator-textarea\" rows=\"6\" style=\"min-height:140px;\" maxlength=\"180\" ><\/textarea><\/div><\/div><\/div><input type=\"hidden\" name=\"referer_url\" value=\"\" \/><div class=\"forminator-row forminator-row-last\"><div class=\"forminator-col\"><div class=\"forminator-field\"><button class=\"forminator-button forminator-button-submit\">Envoyer<\/button><\/div><\/div><\/div><input type=\"hidden\" id=\"forminator_nonce\" name=\"forminator_nonce\" value=\"cabf4004a0\" \/><input type=\"hidden\" name=\"_wp_http_referer\" value=\"\/index.php\/wp-json\/wp\/v2\/pages\/114\" \/><input type=\"hidden\" name=\"form_id\" value=\"395\"><input type=\"hidden\" name=\"page_id\" value=\"114\"><input type=\"hidden\" name=\"form_type\" value=\"default\"><input type=\"hidden\" name=\"current_url\" value=\"https:\/\/auxfleursdelagare.com\/index.php\/qui-nous-sommes\/\"><input type=\"hidden\" name=\"render_id\" value=\"0\"><input type=\"hidden\" name=\"action\" value=\"forminator_submit_form_custom-forms\"><\/form><\/div>\n                          <\/div>\n                        <\/div>\n                      <\/div>\n                    <\/div>\n                  <\/div>\n                <\/div>\n              <\/div>\n            <\/div>\n          <\/div>\n        <\/div>\n      <\/div>\n    <\/div>\n  <\/div>\n<\/div>","protected":false},"excerpt":{"rendered":"<p>Aux Fleurs de la gare C\u2019est bien plus qu\u2019un fleuriste : c\u2019est une maison de passion florale situ\u00e9e au 96 place Andr\u00e9 Malraux \u00e0 Houilles, \u00e0 deux pas de la gare. Depuis 2000, nous accompagnons vos \u00e9motions avec des bouquets sur mesure, des compositions florales pour toutes les occasions (mariages, anniversaires, deuils\u2026) et des services [&hellip;]<\/p>\n","protected":false},"author":1,"featured_media":0,"parent":0,"menu_order":0,"comment_status":"closed","ping_status":"closed","template":"page-templates\/full-width-page.php","meta":{"om_disable_all_campaigns":false,"_monsterinsights_skip_tracking":false,"_monsterinsights_sitenote_active":false,"_monsterinsights_sitenote_note":"","_monsterinsights_sitenote_category":0,"footnotes":""},"class_list":["post-114","page","type-page","status-publish","hentry"],"aioseo_notices":[],"_links":{"self":[{"href":"https:\/\/auxfleursdelagare.com\/index.php\/wp-json\/wp\/v2\/pages\/114","targetHints":{"allow":["GET"]}}],"collection":[{"href":"https:\/\/auxfleursdelagare.com\/index.php\/wp-json\/wp\/v2\/pages"}],"about":[{"href":"https:\/\/auxfleursdelagare.com\/index.php\/wp-json\/wp\/v2\/types\/page"}],"author":[{"embeddable":true,"href":"https:\/\/auxfleursdelagare.com\/index.php\/wp-json\/wp\/v2\/users\/1"}],"replies":[{"embeddable":true,"href":"https:\/\/auxfleursdelagare.com\/index.php\/wp-json\/wp\/v2\/comments?post=114"}],"version-history":[{"count":9,"href":"https:\/\/auxfleursdelagare.com\/index.php\/wp-json\/wp\/v2\/pages\/114\/revisions"}],"predecessor-version":[{"id":745,"href":"https:\/\/auxfleursdelagare.com\/index.php\/wp-json\/wp\/v2\/pages\/114\/revisions\/745"}],"wp:attachment":[{"href":"https:\/\/auxfleursdelagare.com\/index.php\/wp-json\/wp\/v2\/media?parent=114"}],"curies":[{"name":"wp","href":"https:\/\/api.w.org\/{rel}","templated":true}]}}