{"id":131,"date":"2025-09-07T10:59:14","date_gmt":"2025-09-07T10:59:14","guid":{"rendered":"https:\/\/auxfleursdelagare.com\/?page_id=131"},"modified":"2025-09-08T11:52:58","modified_gmt":"2025-09-08T11:52:58","slug":"contactez-nous","status":"publish","type":"page","link":"https:\/\/auxfleursdelagare.com\/index.php\/contactez-nous\/","title":{"rendered":"Contactez nous"},"content":{"rendered":"<div data-colibri-id=\"131-c1\" class=\"style-388 style-local-131-c1 position-relative\">\n  <!---->\n  <div data-colibri-component=\"section\" data-colibri-id=\"131-c2\" id=\"cta\" class=\"h-section h-section-global-spacing d-flex align-items-lg-center align-items-md-center align-items-center style-401 style-local-131-c2 position-relative\">\n    <!---->\n    <!---->\n    <div class=\"h-section-grid-container h-section-boxed-container\">\n      <!---->\n      <div data-colibri-id=\"131-c3\" class=\"h-row-container gutters-row-lg-2 gutters-row-md-2 gutters-row-0 gutters-row-v-lg-2 gutters-row-v-md-2 gutters-row-v-2 style-402 style-local-131-c3 position-relative\">\n        <!---->\n        <div class=\"h-row justify-content-lg-center justify-content-md-center justify-content-center align-items-lg-stretch align-items-md-stretch align-items-stretch gutters-col-lg-2 gutters-col-md-2 gutters-col-0 gutters-col-v-lg-2 gutters-col-v-md-2 gutters-col-v-2\">\n          <!---->\n          <div class=\"h-column h-column-container d-flex h-col-lg h-col-md h-col-auto style-403-outer style-local-131-c4-outer\">\n            <div data-colibri-id=\"131-c4\" class=\"d-flex h-flex-basis h-column__inner h-px-lg-0 h-px-md-0 h-px-2 v-inner-lg-0 v-inner-md-0 v-inner-2 style-403 style-local-131-c4 position-relative\">\n              <!---->\n              <!---->\n              <div class=\"w-100 h-y-container h-column__content h-column__v-align flex-basis-100 align-self-lg-center align-self-md-center align-self-center\">\n                <!---->\n                <div data-colibri-id=\"131-c5\" class=\"h-global-transition-all h-heading style-404 style-local-131-c5 position-relative h-element\">\n                  <!---->\n                  <div class=\"h-heading__outer style-404 style-local-131-c5\">\n                    <!---->\n                    <!---->\n                    <h2 class=\"\">Une urgence \u00e9lagage! Appelez nous directement au\n                      <br>06 47 04 75 44<\/h2>\n                  <\/div>\n                <\/div>\n                <div data-colibri-id=\"131-c21\" class=\"h-lead h-text h-text-component style-408 style-local-131-c21 position-relative h-element\">\n                  <!---->\n                  <!---->\n                  <div class=\"\">\n                    <p>Sous r\u00e9serve d&rsquo;un devis<\/p>\n                  <\/div>\n                <\/div>\n              <\/div>\n            <\/div>\n          <\/div>\n        <\/div>\n      <\/div>\n    <\/div>\n  <\/div>\n  <div data-colibri-component=\"section\" data-colibri-id=\"131-c9\" id=\"reusable-sections\" class=\"h-section h-section-global-spacing d-flex align-items-lg-center align-items-md-center align-items-center style-389 style-local-131-c9 position-relative\">\n    <div class=\"background-wrapper\">\n      <div class=\"background-layer background-layer-media-container-lg\">\n        <!---->\n        <div class=\"overlay-layer\">\n          <div class=\"overlay-image-layer\" style=\"background-color: rgb(23, 37, 42); opacity: 0.5;\"><\/div>\n        <\/div>\n      <\/div>\n      <div class=\"background-layer background-layer-media-container-md\">\n        <!---->\n        <div class=\"overlay-layer\">\n          <div class=\"overlay-image-layer\" style=\"background-color: rgb(23, 37, 42); opacity: 0.5;\"><\/div>\n        <\/div>\n      <\/div>\n      <div class=\"background-layer background-layer-media-container\">\n        <!---->\n        <div class=\"overlay-layer\">\n          <div class=\"overlay-image-layer\" style=\"background-color: rgb(23, 37, 42); opacity: 0.5;\"><\/div>\n        <\/div>\n      <\/div>\n    <\/div>\n    <!---->\n    <div class=\"h-section-grid-container h-section-boxed-container\">\n      <!---->\n      <div data-colibri-id=\"131-c10\" class=\"h-row-container gutters-row-lg-2 gutters-row-md-2 gutters-row-2 gutters-row-v-lg-2 gutters-row-v-md-2 gutters-row-v-2 style-390 style-local-131-c10 position-relative\">\n        <!---->\n        <div class=\"h-row justify-content-lg-center justify-content-md-center justify-content-center align-items-lg-stretch align-items-md-stretch align-items-stretch gutters-col-lg-2 gutters-col-md-2 gutters-col-2 gutters-col-v-lg-2 gutters-col-v-md-2 gutters-col-v-2\">\n          <!---->\n          <div class=\"h-column h-column-container d-flex h-col-lg-auto h-col-md-auto h-col-auto style-391-outer style-local-131-c11-outer\">\n            <div data-colibri-id=\"131-c11\" class=\"d-flex h-flex-basis h-column__inner h-px-lg-0 h-px-md-0 h-px-0 v-inner-lg-0 v-inner-md-0 v-inner-0 style-391 style-local-131-c11 position-relative\">\n              <!---->\n              <!---->\n              <div class=\"w-100 h-y-container h-column__content h-column__v-align flex-basis-100 align-self-lg-start align-self-md-start align-self-start\">\n                <!---->\n                <div data-colibri-id=\"131-c12\" class=\"h-row-container gutters-row-lg-0 gutters-row-md-0 gutters-row-0 gutters-row-v-lg-0 gutters-row-v-md-0 gutters-row-v-0 style-392 style-local-131-c12 position-relative\">\n                  <!---->\n                  <div class=\"h-row justify-content-lg-center justify-content-md-center justify-content-center align-items-lg-stretch align-items-md-stretch align-items-stretch gutters-col-lg-0 gutters-col-md-0 gutters-col-0 gutters-col-v-lg-0 gutters-col-v-md-0 gutters-col-v-0\">\n                    <!---->\n                    <div class=\"h-column h-column-container d-flex h-col-lg-auto h-col-md-auto h-col-auto style-393-outer style-local-131-c13-outer\">\n                      <div data-colibri-id=\"131-c13\" class=\"d-flex h-flex-basis h-column__inner h-px-lg-0 h-px-md-0 h-px-0 v-inner-lg-0 v-inner-md-0 v-inner-0 style-393 style-local-131-c13 position-relative\">\n                        <!---->\n                        <!---->\n                        <div class=\"w-100 h-y-container h-column__content h-column__v-align flex-basis-100 align-self-lg-center align-self-md-center align-self-center\">\n                          <!---->\n                          <div data-colibri-id=\"131-c14\" class=\"d-block style-394 style-local-131-c14 position-relative h-element\">\n                            <!---->\n                            <div class=\"h-image__frame-container-outer\">\n                              <div class=\"h-image__frame-container\">\n                                <!---->\n                                <!---->\n                                <img loading=\"lazy\" decoding=\"async\" width=\"629\" height=\"309\" src=\"http:\/\/auxfleursdelagare.com\/wp-content\/uploads\/2025\/09\/auxfleurs.png\" class=\"wp-image-102 style-394-image style-local-131-c14-image\" alt=\"\" srcset=\"https:\/\/auxfleursdelagare.com\/wp-content\/uploads\/2025\/09\/auxfleurs.png 629w, https:\/\/auxfleursdelagare.com\/wp-content\/uploads\/2025\/09\/auxfleurs-300x147.png 300w\" sizes=\"auto, (max-width: 629px) 100vw, 629px\" \/>\n                                <div class=\"h-image__frame h-hide-lg h-hide-md h-hide-sm style-394-frameImage style-local-131-c14-frameImage\"><\/div>\n                              <\/div>\n                            <\/div>\n                          <\/div>\n                          <div data-colibri-id=\"131-c15\" class=\"h-global-transition-all h-heading style-395 style-local-131-c15 position-relative h-element\">\n                            <!---->\n                            <div class=\"h-heading__outer style-395 style-local-131-c15\">\n                              <!---->\n                              <!---->\n                              <h4 class=\"\">AUX FLEURS DE LA GARE<\/h4>\n                            <\/div>\n                          <\/div>\n                          <div data-colibri-id=\"131-c16\" class=\"h-icon style-396 style-local-131-c16 position-relative h-element\">\n                            <!----><span class=\"h-svg-icon h-icon__icon style-396-icon style-local-131-c16-icon\"><!--Icon by Font Awesome (https:\/\/fontawesome.com)-->\n    <svg version=\"1.1\" xmlns=\"http:\/\/www.w3.org\/2000\/svg\" xmlns:xlink=\"http:\/\/www.w3.org\/1999\/xlink\" id=\"home\" viewBox=\"0 0 1664 1896.0833\">\n      <path d=\"M1408 992v480q0 26-19 45t-45 19H960v-384H704v384H320q-26 0-45-19t-19-45V992q0-1 .5-3t.5-3l575-474 575 474q1 2 1 6zm223-69l-62 74q-8 9-21 11h-3q-13 0-21-7L832 424l-692 577q-12 8-24 7-13-2-21-11l-62-74q-8-10-7-23.5T37 878l719-599q32-26 76-26t76 26l244 204V288q0-14 9-23t23-9h192q14 0 23 9t9 23v408l219 182q10 8 11 21.5t-7 23.5z\"><\/path>\n    <\/svg><\/span><\/div>\n                          <div data-colibri-id=\"131-c17\" class=\"h-global-transition-all h-heading style-397 style-local-131-c17 position-relative h-element\">\n                            <!---->\n                            <div class=\"h-heading__outer style-397 style-local-131-c17\">\n                              <!---->\n                              <!---->\n                              <h5 class=\"\">96 PLACE ANDRE MALRAUX 78800 HOUILLES<\/h5>\n                            <\/div>\n                          <\/div>\n                          <div data-colibri-id=\"131-c18\" class=\"h-global-transition-all h-heading style-398 style-local-131-c18 position-relative h-element\">\n                            <!---->\n                            <div class=\"h-heading__outer style-398 style-local-131-c18\">\n                              <!---->\n                              <!---->\n                              <h4 class=\"\">06 47 04 75 44<\/h4>\n                            <\/div>\n                          <\/div>\n                        <\/div>\n                      <\/div>\n                    <\/div>\n                    <div class=\"h-column h-column-container d-flex h-col-lg-auto h-col-md-auto h-col-auto style-399-outer style-local-131-c19-outer\">\n                      <div data-colibri-id=\"131-c19\" class=\"d-flex h-flex-basis h-column__inner h-px-lg-0 h-px-md-0 h-px-0 v-inner-lg-0 v-inner-md-0 v-inner-0 style-399 style-local-131-c19 position-relative\">\n                        <!---->\n                        <!---->\n                        <div class=\"w-100 h-y-container h-column__content h-column__v-align flex-basis-100 align-self-lg-center align-self-md-center align-self-center\">\n                          <!---->\n                          <div data-colibri-id=\"131-c20\" class=\"h-contact-form__outer--forminator style-400 style-local-131-c20 position-relative h-element\">\n                            <!---->\n                            <div class=\"h-global-transition-all h-global-transition h-global-transition-all h-contact-form-shortcode\"><div class=\"forminator-ui forminator-custom-form forminator-custom-form-395 forminator-design--default  forminator_ajax\" data-forminator-render=\"0\" data-form=\"forminator-module-395\" data-uid=\"69e22b33480dd\"><br\/><\/div><form\n\t\t\t\tid=\"forminator-module-395\"\n\t\t\t\tclass=\"forminator-ui forminator-custom-form forminator-custom-form-395 forminator-design--default  forminator_ajax\"\n\t\t\t\tmethod=\"post\"\n\t\t\t\tdata-forminator-render=\"0\"\n\t\t\t\tdata-form-id=\"395\"\n\t\t\t\t\n\t\t\t\tdata-design=\"default\"\n\t\t\t\tdata-color-option=\"theme\"\n\t\t\t\t\n\t\t\t\t\n\t\t\t\t\n\t\t\t\tdata-grid=\"open\"\n\t\t\t\t\n\t\t\t\t\n\t\t\t\tstyle=\"display: none;\"\n\t\t\t\t\n\t\t\t\tdata-uid=\"69e22b33480dd\"\n\t\t\t><div role=\"alert\" aria-live=\"polite\" class=\"forminator-response-message forminator-error\" aria-hidden=\"true\"><\/div><div class=\"forminator-row\"><div id=\"name-1\" class=\"forminator-field-name forminator-col forminator-col-12 \"><div class=\"forminator-field\"><label for=\"forminator-field-name-1_69e22b33480dd\" id=\"forminator-field-name-1_69e22b33480dd-label\" class=\"forminator-label\">Pr\u00e9nom <span class=\"forminator-required\">*<\/span><\/label><input type=\"text\" name=\"name-1\" value=\"\" placeholder=\"\" id=\"forminator-field-name-1_69e22b33480dd\" class=\"forminator-input forminator-name--field\" aria-required=\"true\" \/><\/div><\/div><\/div><div class=\"forminator-row\"><div id=\"email-1\" class=\"forminator-field-email forminator-col forminator-col-12 \"><div class=\"forminator-field\"><label for=\"forminator-field-email-1_69e22b33480dd\" id=\"forminator-field-email-1_69e22b33480dd-label\" class=\"forminator-label\">Adresse de messagerie <span class=\"forminator-required\">*<\/span><\/label><input type=\"email\" name=\"email-1\" value=\"\" placeholder=\"\" id=\"forminator-field-email-1_69e22b33480dd\" class=\"forminator-input forminator-email--field\" data-required=\"true\" aria-required=\"true\" \/><\/div><\/div><\/div><div class=\"forminator-row\"><div id=\"phone-1\" class=\"forminator-field-phone forminator-col forminator-col-12 \"><div class=\"forminator-field\"><label for=\"forminator-field-phone-1_69e22b33480dd\" id=\"forminator-field-phone-1_69e22b33480dd-label\" class=\"forminator-label\">Num\u00e9ro de t\u00e9l\u00e9phone <span class=\"forminator-required\">*<\/span><\/label><input type=\"text\" name=\"phone-1\" value=\"\" placeholder=\"\" id=\"forminator-field-phone-1_69e22b33480dd\" class=\"forminator-input forminator-field--phone\" data-required=\"1\" aria-required=\"true\" autocomplete=\"off\" \/><\/div><\/div><\/div><div class=\"forminator-row\"><div id=\"textarea-1\" class=\"forminator-field-textarea forminator-col forminator-col-12 \"><div class=\"forminator-field\"><label for=\"forminator-field-textarea-1_69e22b33480dd\" id=\"forminator-field-textarea-1_69e22b33480dd-label\" class=\"forminator-label\">Message<\/label><span id=\"forminator-field-textarea-1_69e22b33480dd-description\" class=\"forminator-description\"><span data-limit=\"180\" data-type=\"characters\" data-editor=\"\">0 \/ 180<\/span><\/span><textarea name=\"textarea-1\" placeholder=\"\" id=\"forminator-field-textarea-1_69e22b33480dd\" class=\"forminator-textarea\" rows=\"6\" style=\"min-height:140px;\" maxlength=\"180\" ><\/textarea><\/div><\/div><\/div><input type=\"hidden\" name=\"referer_url\" value=\"\" \/><div class=\"forminator-row forminator-row-last\"><div class=\"forminator-col\"><div class=\"forminator-field\"><button class=\"forminator-button forminator-button-submit\">Envoyer<\/button><\/div><\/div><\/div><input type=\"hidden\" id=\"forminator_nonce\" name=\"forminator_nonce\" value=\"cabf4004a0\" \/><input type=\"hidden\" name=\"_wp_http_referer\" value=\"\/index.php\/wp-json\/wp\/v2\/pages\/131\" \/><input type=\"hidden\" name=\"form_id\" value=\"395\"><input type=\"hidden\" name=\"page_id\" value=\"131\"><input type=\"hidden\" name=\"form_type\" value=\"default\"><input type=\"hidden\" name=\"current_url\" value=\"https:\/\/auxfleursdelagare.com\/index.php\/contactez-nous\/\"><input type=\"hidden\" name=\"render_id\" value=\"0\"><input type=\"hidden\" name=\"action\" value=\"forminator_submit_form_custom-forms\"><\/form><\/div>\n                          <\/div>\n                        <\/div>\n                      <\/div>\n                    <\/div>\n                  <\/div>\n                <\/div>\n              <\/div>\n            <\/div>\n          <\/div>\n        <\/div>\n      <\/div>\n    <\/div>\n  <\/div>\n<\/div>","protected":false},"excerpt":{"rendered":"<p>Une urgence \u00e9lagage! Appelez nous directement au 06 47 04 75 44 Sous r\u00e9serve d&rsquo;un devis AUX FLEURS DE LA GARE 96 PLACE ANDRE MALRAUX 78800 HOUILLES 06 47 04 75 44<\/p>\n","protected":false},"author":1,"featured_media":0,"parent":0,"menu_order":0,"comment_status":"closed","ping_status":"closed","template":"page-templates\/full-width-page.php","meta":{"om_disable_all_campaigns":false,"_monsterinsights_skip_tracking":false,"_monsterinsights_sitenote_active":false,"_monsterinsights_sitenote_note":"","_monsterinsights_sitenote_category":0,"footnotes":""},"class_list":["post-131","page","type-page","status-publish","hentry"],"aioseo_notices":[],"_links":{"self":[{"href":"https:\/\/auxfleursdelagare.com\/index.php\/wp-json\/wp\/v2\/pages\/131","targetHints":{"allow":["GET"]}}],"collection":[{"href":"https:\/\/auxfleursdelagare.com\/index.php\/wp-json\/wp\/v2\/pages"}],"about":[{"href":"https:\/\/auxfleursdelagare.com\/index.php\/wp-json\/wp\/v2\/types\/page"}],"author":[{"embeddable":true,"href":"https:\/\/auxfleursdelagare.com\/index.php\/wp-json\/wp\/v2\/users\/1"}],"replies":[{"embeddable":true,"href":"https:\/\/auxfleursdelagare.com\/index.php\/wp-json\/wp\/v2\/comments?post=131"}],"version-history":[{"count":7,"href":"https:\/\/auxfleursdelagare.com\/index.php\/wp-json\/wp\/v2\/pages\/131\/revisions"}],"predecessor-version":[{"id":738,"href":"https:\/\/auxfleursdelagare.com\/index.php\/wp-json\/wp\/v2\/pages\/131\/revisions\/738"}],"wp:attachment":[{"href":"https:\/\/auxfleursdelagare.com\/index.php\/wp-json\/wp\/v2\/media?parent=131"}],"curies":[{"name":"wp","href":"https:\/\/api.w.org\/{rel}","templated":true}]}}